{"id":107,"date":"2020-09-24T09:42:44","date_gmt":"2020-09-24T09:42:44","guid":{"rendered":"https:\/\/www.fuchs-und-fertig.de\/?page_id=107"},"modified":"2025-10-17T06:15:21","modified_gmt":"2025-10-17T06:15:21","slug":"kontakt","status":"publish","type":"page","link":"https:\/\/www.fuchs-und-fertig.de\/?page_id=107","title":{"rendered":"Kontakt"},"content":{"rendered":"<h1>Hier erreichen Sie uns:<\/h1>\n<h2>Firmenanschrift<\/h2>\n<div>\n<p>Am Domberg 16<br \/>51515 K\u00fcrten<\/p>\n<\/div>\n<h2>Lieferanschrift<\/h2>\n<div>\n<p>Bensberger Stra\u00dfe 15<br \/>51515 K\u00fcrten<\/p>\n<\/div>\n<h2>Terminvereinbarung<\/h2>\n<ul>\n<li>\n<h3>B\u00fcro:<\/h3>\n<div>\n<p><a class=\"uk-link-reset\" href=\"tel:+49022077011904\">+49 22 07 \/ 7 01 19 04<\/a><\/p>\n<\/div>\n<\/li>\n<li>\n<h3>Mobil:<\/h3>\n<div>\n<p><a class=\"uk-link-reset\" href=\"tel:+49 172 5 66 01 00\">+49 172 5 66 01 00<\/a><\/p>\n<\/div>\n<\/li>\n<li>\n<h3>Email<\/h3>\n<div>\n<p><a class=\"uk-link-reset\" href=\"mailto:info@fuchs-und-fertig.de\">info@fuchs-und-fertig.de<\/a><\/p>\n<\/div>\n<\/li>\n<\/ul>\n<div>\n<p>51.0175,7.2468<\/p>\n<h3>Innenausbau Fuchs<\/h3>\n<\/div>\n<p><!--more--><br \/>\n<!-- {\"name\":\"Contact\",\"type\":\"layout\",\"children\":[{\"name\":\"Image\",\"type\":\"section\",\"props\":{\"css\":\".el-section > [class*='uk-background-'] { min-height: 40vh; }\",\"height_viewport\":false,\"image\":\"wp-content\\\/uploads\\\/2020\\\/09\\\/20000101-fuchs-arztpraxis0013.jpg\",\"image_effect\":\"fixed\",\"image_parallax_bgy\":\"-500,-600\",\"image_position\":\"center-center\",\"image_size\":\"cover\",\"image_width\":\"2560\",\"padding\":\"large\",\"preserve_color\":false,\"style\":\"default\",\"text_color\":\"light\",\"title_breakpoint\":\"xl\",\"title_position\":\"top-left\",\"title_rotation\":\"left\",\"vertical_align\":\"\",\"width\":\"default\"},\"children\":[{\"type\":\"row\",\"children\":[{\"type\":\"column\",\"props\":{\"image_position\":\"center-center\",\"position_sticky_breakpoint\":\"m\",\"width_medium\":\"1-1\"}}]}]},{\"name\":\"Contact\",\"type\":\"section\",\"props\":{\"animation\":\"fade\",\"image_position\":\"center-center\",\"image_size\":\"cover\",\"padding\":\"large\",\"padding_remove_bottom\":false,\"style\":\"default\",\"title_breakpoint\":\"xl\",\"title_position\":\"top-left\",\"title_rotation\":\"left\",\"vertical_align\":\"\",\"width\":\"default\"},\"children\":[{\"type\":\"row\",\"children\":[{\"type\":\"column\",\"props\":{\"image_position\":\"center-center\",\"position_sticky_breakpoint\":\"m\",\"width_medium\":\"1-1\"},\"children\":[{\"type\":\"headline\",\"props\":{\"content\":\"Hier erreichen Sie uns:\",\"maxwidth\":\"2xlarge\",\"text_align\":\"left\",\"title_element\":\"h1\",\"title_style\":\"h2\"}},{\"type\":\"divider\",\"props\":{\"divider_element\":\"div\",\"divider_style\":\"small\"}}]}]},{\"type\":\"row\",\"props\":{\"column_gap\":\"large\",\"layout\":\"1-3,1-3,1-3\",\"margin\":\"xlarge\",\"row_gap\":\"large\",\"width\":\"default\"},\"children\":[{\"type\":\"column\",\"props\":{\"image_position\":\"center-center\",\"position_sticky_breakpoint\":\"m\",\"width_medium\":\"1-3\"},\"children\":[{\"type\":\"headline\",\"props\":{\"content\":\"Firmenanschrift\",\"margin\":\"medium\",\"margin_remove_bottom\":true,\"title_decoration\":\"divider\",\"title_element\":\"h2\",\"title_style\":\"h4\"}},{\"type\":\"text\",\"props\":{\"column_breakpoint\":\"m\",\"content\":\"\n\n<p>Am Domberg 16<br \\\/>51515 K\\u00fcrten<\\\/p>\",\"margin\":\"default\",\"text_align\":\"left\"}}]},{\"type\":\"column\",\"props\":{\"image_position\":\"center-center\",\"position_sticky_breakpoint\":\"m\",\"width_medium\":\"1-3\"},\"children\":[{\"type\":\"headline\",\"props\":{\"content\":\"Lieferanschrift\",\"margin\":\"medium\",\"margin_remove_bottom\":true,\"title_decoration\":\"divider\",\"title_element\":\"h2\",\"title_style\":\"h4\"}},{\"type\":\"text\",\"props\":{\"column_breakpoint\":\"m\",\"content\":\"\n\n<p>Bensberger Stra\\u00dfe 15<br \\\/>51515 K\\u00fcrten<\\\/p>\",\"margin\":\"default\",\"text_align\":\"left\"}}]},{\"type\":\"column\",\"props\":{\"image_position\":\"center-center\",\"position_sticky_breakpoint\":\"m\",\"width_medium\":\"1-3\"},\"children\":[{\"type\":\"headline\",\"props\":{\"content\":\"Terminvereinbarung\",\"margin_remove_bottom\":false,\"title_decoration\":\"divider\",\"title_element\":\"h2\",\"title_style\":\"h4\"}},{\"type\":\"description_list\",\"props\":{\"column_breakpoint\":\"m\",\"layout\":\"grid-2\",\"list_element\":\"ul\",\"meta_align\":\"below-content\",\"meta_style\":\"text-meta\",\"show_content\":true,\"show_link\":true,\"show_meta\":true,\"show_title\":true,\"title_element\":\"div\",\"title_grid_column_gap\":\"small\",\"title_grid_row_gap\":\"small\",\"title_grid_width\":\"small\"},\"children\":[{\"type\":\"description_list_item\",\"props\":{\"content\":\"\n\n<p><a class=\\\"uk-link-reset\\\" href=\\\"tel:+49022077011904\\\">+49 22 07 \\\/ 7 01 19 04<\\\/a><\\\/p>\",\"title\":\"B\\u00fcro:\"}},{\"type\":\"description_list_item\",\"props\":{\"content\":\"\n\n<p><a class=\\\"uk-link-reset\\\" href=\\\"tel:+49 172 5 66 01 00\\\">+49 172 5 66 01 00<\\\/a><\\\/p>\",\"title\":\"Mobil:\"}},{\"type\":\"description_list_item\",\"props\":{\"content\":\"\n\n<p><a class=\\\"uk-link-reset\\\" href=\\\"mailto:info@fuchs-und-fertig.de\\\">info@fuchs-und-fertig.de<\\\/a><\\\/p>\",\"title\":\"Email\"}}]}]}]}]},{\"name\":\"Map\",\"type\":\"section\",\"props\":{\"image_position\":\"center-center\",\"padding\":\"none\",\"style\":\"default\",\"title_breakpoint\":\"xl\",\"title_position\":\"top-left\",\"title_rotation\":\"left\",\"vertical_align\":\"\",\"width\":\"\"},\"children\":[{\"type\":\"row\",\"children\":[{\"type\":\"column\",\"props\":{\"image_position\":\"center-center\",\"position_sticky_breakpoint\":\"m\",\"width_medium\":\"1-1\"},\"children\":[{\"type\":\"map\",\"props\":{\"controls\":false,\"dragging\":false,\"height\":\"600\",\"image_svg_color\":\"emphasis\",\"link_style\":\"default\",\"link_text\":\"Read more\",\"margin\":\"default\",\"max_zoom\":18,\"meta_align\":\"below-title\",\"meta_element\":\"div\",\"meta_style\":\"text-meta\",\"min_zoom\":0,\"poi\":false,\"show_content\":true,\"show_image\":true,\"show_link\":true,\"show_meta\":true,\"show_title\":true,\"styler_gamma\":\"0.3\",\"styler_lightness\":\"90\",\"styler_saturation\":\"-100\",\"title_element\":\"h3\",\"title_hover_style\":\"reset\",\"type\":\"roadmap\",\"zoom\":\"16\",\"zooming\":false},\"children\":[{\"type\":\"map_item\",\"props\":{\"location\":\"51.0175,7.2468\",\"title\":\"Innenausbau Fuchs\"}}]}]}]}]}],\"version\":\"4.5.31\"} --><\/p>\n","protected":false},"excerpt":{"rendered":"<p>Hier erreichen Sie uns: Firmenanschrift Am Domberg 1651515 K\u00fcrten Lieferanschrift Bensberger Stra\u00dfe 1551515 K\u00fcrten Terminvereinbarung B\u00fcro: +49 22 07 \/ 7 01 19 04 Mobil: +49 172 5 66 01 00 Email info@fuchs-und-fertig.de 51.0175,7.2468 Innenausbau Fuchs<\/p>\n","protected":false},"author":1,"featured_media":0,"parent":0,"menu_order":0,"comment_status":"closed","ping_status":"closed","template":"","meta":{"footnotes":""},"class_list":["post-107","page","type-page","status-publish","hentry"],"_links":{"self":[{"href":"https:\/\/www.fuchs-und-fertig.de\/index.php?rest_route=\/wp\/v2\/pages\/107","targetHints":{"allow":["GET"]}}],"collection":[{"href":"https:\/\/www.fuchs-und-fertig.de\/index.php?rest_route=\/wp\/v2\/pages"}],"about":[{"href":"https:\/\/www.fuchs-und-fertig.de\/index.php?rest_route=\/wp\/v2\/types\/page"}],"author":[{"embeddable":true,"href":"https:\/\/www.fuchs-und-fertig.de\/index.php?rest_route=\/wp\/v2\/users\/1"}],"replies":[{"embeddable":true,"href":"https:\/\/www.fuchs-und-fertig.de\/index.php?rest_route=%2Fwp%2Fv2%2Fcomments&post=107"}],"version-history":[{"count":27,"href":"https:\/\/www.fuchs-und-fertig.de\/index.php?rest_route=\/wp\/v2\/pages\/107\/revisions"}],"predecessor-version":[{"id":303,"href":"https:\/\/www.fuchs-und-fertig.de\/index.php?rest_route=\/wp\/v2\/pages\/107\/revisions\/303"}],"wp:attachment":[{"href":"https:\/\/www.fuchs-und-fertig.de\/index.php?rest_route=%2Fwp%2Fv2%2Fmedia&parent=107"}],"curies":[{"name":"wp","href":"https:\/\/api.w.org\/{rel}","templated":true}]}}