{"id":31,"date":"2020-09-22T17:49:09","date_gmt":"2020-09-22T17:49:09","guid":{"rendered":"https:\/\/www.fuchs-und-fertig.de\/?page_id=31"},"modified":"2023-09-08T07:27:56","modified_gmt":"2023-09-08T07:27:56","slug":"leistungen","status":"publish","type":"page","link":"https:\/\/www.fuchs-und-fertig.de\/?page_id=31","title":{"rendered":"Leistungen"},"content":{"rendered":"<h1>Leistungen auf einen Blick<\/h1>\n<p><img decoding=\"async\" src=\"\/wp-content\/uploads\/2020\/09\/20000101-fuchs-arztpraxis0013.jpg\" alt=\"\"><\/p>\n<h2>PVC, Vinyl, Linoleum und Parkett<\/h2>\n<div>\n<p>Verkauf und Verlegung von Fu\u00dfb\u00f6den aus PVC, Vinyl, Linoleum, Parkett. Gerne gestalten wir Ihren Vinylboden im modernen Badezimmer. Klassisch, modern, zukunftsorientiert, umweltschonend: Wir beraten Sie kompetent und fachgerecht.<\/p>\n<\/div>\n<h2>Parkettgestaltung und -renovierung<\/h2>\n<div>\n<p>Wir renovieren ihr in die Jahre gekommenes Parkett oder \u00fcbernehmen die farbige Gestaltung des Parkettbodens. Wir greifen je nach Bedarf auf traditionelle oder moderne Oberfl\u00e4chenbehandlung des Bodens zur\u00fcck.<\/p>\n<\/div>\n<p><img decoding=\"async\" src=\"\/wp-content\/uploads\/portfolio-02.jpg\" alt=\"\"><br \/>\n<img decoding=\"async\" src=\"\/wp-content\/uploads\/portfolio-03.jpg\" alt=\"\"><\/p>\n<h2>Untergrundsanierung und Fu\u00dfleistenmontage<\/h2>\n<h2>Innenausbau<\/h2>\n<p><img decoding=\"async\" src=\"\/wp-content\/uploads\/portfolio-04.jpg\" alt=\"\"><\/p>\n<p><!--more--><br \/>\n<!-- {\"name\":\"Portfolio\",\"type\":\"layout\",\"children\":[{\"name\":\"Hero\",\"type\":\"section\",\"props\":{\"image_position\":\"center-center\",\"padding_remove_bottom\":false,\"style\":\"default\",\"title_breakpoint\":\"xl\",\"title_position\":\"top-left\",\"title_rotation\":\"left\",\"vertical_align\":\"\",\"width\":\"xlarge\"},\"children\":[{\"type\":\"row\",\"children\":[{\"type\":\"column\",\"props\":{\"image_position\":\"center-center\",\"position_sticky_breakpoint\":\"m\",\"width_medium\":\"1-1\"},\"children\":[{\"type\":\"headline\",\"props\":{\"animation\":\"parallax\",\"content\":\"Leistungen auf einen Blick\",\"parallax_breakpoint\":\"m\",\"parallax_easing\":\"1\",\"parallax_y\":\"0,-75\",\"text_align\":\"center\",\"title_element\":\"h1\",\"title_style\":\"heading-medium\"}}]}]}]},{\"type\":\"section\",\"props\":{\"image_position\":\"center-center\",\"padding\":\"none\",\"padding_remove_bottom\":false,\"padding_remove_top\":false,\"style\":\"default\",\"title_breakpoint\":\"xl\",\"title_position\":\"top-left\",\"title_rotation\":\"left\",\"vertical_align\":\"middle\",\"width\":\"xlarge\",\"width_expand\":\"left\"},\"children\":[{\"type\":\"row\",\"props\":{\"column_gap\":\"large\",\"layout\":\"2-3,1-3\",\"row_gap\":\"large\"},\"children\":[{\"type\":\"column\",\"props\":{\"image_position\":\"center-center\",\"position_sticky_breakpoint\":\"m\",\"vertical_align\":\"middle\",\"width_large\":\"2-3\",\"width_medium\":\"2-3\"},\"children\":[{\"type\":\"image\",\"props\":{\"animation\":\"none\",\"container_padding_remove\":true,\"image\":\"wp-content\\\/uploads\\\/2020\\\/09\\\/20000101-fuchs-arztpraxis0013.jpg\",\"image_height\":\"600\",\"image_svg_color\":\"emphasis\",\"image_width\":\"1300\",\"margin\":\"\",\"parallax_easing\":\"0.3\",\"parallax_end\":\"20vh + 20%\",\"parallax_x\":\"-50,0\"}}]},{\"type\":\"column\",\"props\":{\"image_position\":\"center-center\",\"position_sticky_breakpoint\":\"m\",\"vertical_align\":\"middle\",\"width_large\":\"1-3\",\"width_medium\":\"1-3\"},\"children\":[{\"type\":\"divider\",\"props\":{\"animation\":\"none\",\"divider_align\":\"left\",\"divider_align_breakpoint\":\"l\",\"divider_align_fallback\":\"center\",\"divider_element\":\"div\",\"divider_style\":\"small\",\"parallax_x\":\"150,0\"}},{\"type\":\"headline\",\"props\":{\"animation\":\"none\",\"content\":\"PVC, Vinyl, Linoleum und Parkett\",\"margin_remove_top\":true,\"parallax_end\":\"60vh + 60%\",\"parallax_y\":\"0,-50\",\"text_align\":\"left\",\"text_align_breakpoint\":\"l\",\"text_align_fallback\":\"center\",\"title_element\":\"h2\",\"title_style\":\"heading-small\"}},{\"type\":\"text\",\"props\":{\"animation\":\"none\",\"block_align_breakpoint\":\"l\",\"block_align_fallback\":\"center\",\"column_breakpoint\":\"m\",\"content\":\"\n\n<p>Verkauf und Verlegung von Fu\\u00dfb\\u00f6den aus PVC, Vinyl, Linoleum, Parkett. Gerne gestalten wir Ihren Vinylboden im modernen Badezimmer. Klassisch, modern, zukunftsorientiert, umweltschonend: Wir beraten Sie kompetent und fachgerecht.<\\\/p>\",\"margin\":\"medium\",\"margin_remove_top\":false,\"maxwidth\":\"xlarge\",\"maxwidth_breakpoint\":\"m\",\"parallax_easing\":\"0.3\",\"parallax_x\":\"150,0\",\"text_align\":\"left\",\"text_align_breakpoint\":\"l\",\"text_align_fallback\":\"center\"}},{\"type\":\"button\",\"props\":{\"animation\":\"none\",\"grid_column_gap\":\"small\",\"grid_row_gap\":\"small\",\"margin\":\"\",\"parallax_easing\":\"0.3\",\"parallax_x\":\"150,0\",\"text_align\":\"left\",\"text_align_breakpoint\":\"l\",\"text_align_fallback\":\"center\"},\"children\":[{\"type\":\"button_item\",\"props\":{\"button_style\":\"text\",\"content\":\"Beispiele\",\"icon_align\":\"left\",\"link\":\"#2\",\"status\":\"disabled\"}}]}]}]}],\"name\":\"Portfolio 01\"},{\"type\":\"section\",\"props\":{\"image_position\":\"center-center\",\"padding\":\"large\",\"padding_remove_bottom\":true,\"padding_remove_top\":false,\"style\":\"default\",\"title_breakpoint\":\"xl\",\"title_position\":\"top-left\",\"title_rotation\":\"left\",\"vertical_align\":\"middle\",\"width\":\"xlarge\",\"width_expand\":\"right\"},\"children\":[{\"type\":\"row\",\"props\":{\"column_gap\":\"large\",\"layout\":\"1-3,2-3\",\"row_gap\":\"large\"},\"children\":[{\"type\":\"column\",\"props\":{\"image_position\":\"center-center\",\"order_first\":\"l\",\"position_sticky_breakpoint\":\"m\",\"vertical_align\":\"middle\",\"width_large\":\"1-3\",\"width_medium\":\"1-3\"},\"children\":[{\"type\":\"divider\",\"props\":{\"animation\":\"none\",\"divider_align\":\"left\",\"divider_align_breakpoint\":\"l\",\"divider_align_fallback\":\"center\",\"divider_element\":\"div\",\"divider_style\":\"small\",\"parallax_x\":\"150,0\"}},{\"type\":\"headline\",\"props\":{\"animation\":\"parallax\",\"content\":\"Parkettgestaltung und -renovierung\",\"margin_remove_top\":true,\"parallax_breakpoint\":\"m\",\"parallax_easing\":\"1\",\"parallax_end\":\"60vh + 60%\",\"parallax_opacity\":\"0.3,1\",\"parallax_y\":\"30,0\",\"text_align\":\"left\",\"text_align_breakpoint\":\"l\",\"text_align_fallback\":\"center\",\"title_element\":\"h2\",\"title_style\":\"heading-small\"}},{\"type\":\"text\",\"props\":{\"block_align_breakpoint\":\"l\",\"block_align_fallback\":\"center\",\"column_breakpoint\":\"m\",\"content\":\"\n\n<p>Wir renovieren ihr in die Jahre gekommenes Parkett oder \\u00fcbernehmen die farbige Gestaltung des Parkettbodens. Wir greifen je nach Bedarf auf traditionelle oder moderne Oberfl\\u00e4chenbehandlung des Bodens zur\\u00fcck.<\\\/p>\",\"margin\":\"medium\",\"margin_remove_top\":false,\"maxwidth\":\"xlarge\",\"maxwidth_breakpoint\":\"m\",\"parallax_breakpoint\":\"m\",\"parallax_easing\":\"0.3\",\"parallax_end\":\"50vh + 50%\",\"parallax_opacity\":\"0.7,1\",\"parallax_x\":\"-150,0\",\"text_align\":\"left\",\"text_align_breakpoint\":\"l\",\"text_align_fallback\":\"center\"}},{\"type\":\"button\",\"props\":{\"animation\":\"none\",\"grid_column_gap\":\"small\",\"grid_row_gap\":\"small\",\"margin\":\"\",\"parallax_breakpoint\":\"m\",\"parallax_easing\":\"0.3\",\"parallax_end\":\"50vh + 50%\",\"parallax_opacity\":\"0.7,1\",\"parallax_x\":\"-150,0\",\"status\":\"disabled\",\"text_align\":\"left\",\"text_align_breakpoint\":\"l\",\"text_align_fallback\":\"center\"},\"children\":[{\"type\":\"button_item\",\"props\":{\"button_style\":\"text\",\"content\":\"Beispiele\",\"icon_align\":\"left\",\"link\":\"#2\"}}]}]},{\"type\":\"column\",\"props\":{\"image_position\":\"center-center\",\"order_first\":\"xs\",\"position_sticky_breakpoint\":\"m\",\"vertical_align\":\"middle\",\"width_large\":\"2-3\",\"width_medium\":\"2-3\"},\"children\":[{\"type\":\"image\",\"props\":{\"animation\":\"none\",\"container_padding_remove\":true,\"image\":\"wp-content\\\/uploads\\\/portfolio-02.jpg\",\"image_svg_color\":\"emphasis\",\"image_width\":\"1300\",\"margin\":\"\",\"parallax_easing\":\"0.3\",\"parallax_end\":\"20vh + 20%\",\"parallax_x\":\"-50,0\"}}]}]}],\"name\":\"Portfolio 02\"},{\"type\":\"section\",\"props\":{\"image_position\":\"center-center\",\"padding\":\"large\",\"padding_remove_bottom\":true,\"padding_remove_top\":false,\"style\":\"default\",\"title_breakpoint\":\"xl\",\"title_position\":\"top-left\",\"title_rotation\":\"left\",\"vertical_align\":\"middle\",\"width\":\"xlarge\",\"width_expand\":\"left\"},\"children\":[{\"type\":\"row\",\"props\":{\"column_gap\":\"large\",\"layout\":\"2-3,1-3\",\"row_gap\":\"large\"},\"children\":[{\"type\":\"column\",\"props\":{\"image_position\":\"center-center\",\"position_sticky_breakpoint\":\"m\",\"vertical_align\":\"middle\",\"width_large\":\"2-3\",\"width_medium\":\"2-3\"},\"children\":[{\"type\":\"image\",\"props\":{\"animation\":\"none\",\"container_padding_remove\":true,\"image\":\"wp-content\\\/uploads\\\/portfolio-03.jpg\",\"image_svg_color\":\"emphasis\",\"image_width\":\"1300\",\"margin\":\"\",\"parallax_easing\":\"0.3\",\"parallax_end\":\"20vh + 20%\",\"parallax_x\":\"-50,0\"}}]},{\"type\":\"column\",\"props\":{\"image_position\":\"center-center\",\"position_sticky_breakpoint\":\"m\",\"vertical_align\":\"middle\",\"width_large\":\"1-3\",\"width_medium\":\"1-3\"},\"children\":[{\"type\":\"divider\",\"props\":{\"animation\":\"none\",\"divider_align\":\"left\",\"divider_align_breakpoint\":\"l\",\"divider_align_fallback\":\"center\",\"divider_element\":\"div\",\"divider_style\":\"small\",\"parallax_x\":\"150,0\"}},{\"type\":\"headline\",\"props\":{\"animation\":\"parallax\",\"content\":\"Untergrundsanierung und Fu\\u00dfleistenmontage\",\"margin_remove_top\":true,\"parallax_breakpoint\":\"m\",\"parallax_easing\":\"1\",\"parallax_end\":\"60vh + 60%\",\"parallax_opacity\":\"0.3,1\",\"parallax_y\":\"30,0\",\"text_align\":\"left\",\"text_align_breakpoint\":\"l\",\"text_align_fallback\":\"center\",\"title_element\":\"h2\",\"title_style\":\"heading-small\"}},{\"type\":\"text\",\"props\":{\"animation\":\"none\",\"block_align_breakpoint\":\"l\",\"block_align_fallback\":\"center\",\"column_breakpoint\":\"m\",\"content\":\"\",\"margin\":\"medium\",\"margin_remove_top\":false,\"maxwidth\":\"xlarge\",\"maxwidth_breakpoint\":\"m\",\"parallax_easing\":\"0.3\",\"parallax_x\":\"150,0\",\"text_align\":\"left\",\"text_align_breakpoint\":\"l\",\"text_align_fallback\":\"center\"}},{\"type\":\"button\",\"props\":{\"animation\":\"none\",\"grid_column_gap\":\"small\",\"grid_row_gap\":\"small\",\"margin\":\"\",\"parallax_easing\":\"0.3\",\"parallax_x\":\"150,0\",\"status\":\"disabled\",\"text_align\":\"left\",\"text_align_breakpoint\":\"l\",\"text_align_fallback\":\"center\"},\"children\":[{\"type\":\"button_item\",\"props\":{\"button_style\":\"text\",\"content\":\"Project Details\",\"icon_align\":\"left\",\"link\":\"#2\"}}]}]}]}],\"name\":\"Portfolio 03\"},{\"type\":\"section\",\"props\":{\"image_position\":\"center-center\",\"padding\":\"large\",\"padding_remove_bottom\":true,\"padding_remove_top\":false,\"style\":\"default\",\"title_breakpoint\":\"xl\",\"title_position\":\"top-left\",\"title_rotation\":\"left\",\"vertical_align\":\"middle\",\"width\":\"xlarge\",\"width_expand\":\"right\"},\"children\":[{\"type\":\"row\",\"props\":{\"column_gap\":\"large\",\"layout\":\"1-3,2-3\",\"row_gap\":\"large\"},\"children\":[{\"type\":\"column\",\"props\":{\"image_position\":\"center-center\",\"order_first\":\"l\",\"position_sticky_breakpoint\":\"m\",\"vertical_align\":\"middle\",\"width_large\":\"1-3\",\"width_medium\":\"1-3\"},\"children\":[{\"type\":\"divider\",\"props\":{\"animation\":\"none\",\"divider_align\":\"left\",\"divider_align_breakpoint\":\"l\",\"divider_align_fallback\":\"center\",\"divider_element\":\"div\",\"divider_style\":\"small\",\"parallax_x\":\"150,0\"}},{\"type\":\"headline\",\"props\":{\"animation\":\"parallax\",\"content\":\"Innenausbau\",\"margin_remove_top\":true,\"parallax_breakpoint\":\"m\",\"parallax_easing\":\"1\",\"parallax_end\":\"60vh + 60%\",\"parallax_opacity\":\"0.3,1\",\"parallax_y\":\"30,0\",\"text_align\":\"left\",\"text_align_breakpoint\":\"l\",\"text_align_fallback\":\"center\",\"title_element\":\"h2\",\"title_style\":\"heading-small\"}},{\"type\":\"text\",\"props\":{\"animation\":\"none\",\"block_align_breakpoint\":\"l\",\"block_align_fallback\":\"center\",\"column_breakpoint\":\"m\",\"content\":\"\",\"margin\":\"medium\",\"margin_remove_top\":false,\"maxwidth\":\"xlarge\",\"maxwidth_breakpoint\":\"m\",\"parallax_breakpoint\":\"m\",\"parallax_easing\":\"0.3\",\"parallax_end\":\"50vh + 50%\",\"parallax_opacity\":\"0.7,1\",\"parallax_x\":\"-150,0\",\"text_align\":\"left\",\"text_align_breakpoint\":\"l\",\"text_align_fallback\":\"center\"}},{\"type\":\"button\",\"props\":{\"animation\":\"none\",\"grid_column_gap\":\"small\",\"grid_row_gap\":\"small\",\"margin\":\"\",\"parallax_breakpoint\":\"m\",\"parallax_easing\":\"0.3\",\"parallax_end\":\"50vh + 50%\",\"parallax_opacity\":\"0.7,1\",\"parallax_x\":\"-150,0\",\"text_align\":\"left\",\"text_align_breakpoint\":\"l\",\"text_align_fallback\":\"center\"},\"children\":[{\"type\":\"button_item\",\"props\":{\"button_style\":\"text\",\"content\":\"Beispiele\",\"icon_align\":\"left\",\"link\":\"#2\",\"status\":\"disabled\"}}]}]},{\"type\":\"column\",\"props\":{\"image_position\":\"center-center\",\"order_first\":\"xs\",\"position_sticky_breakpoint\":\"m\",\"vertical_align\":\"middle\",\"width_large\":\"2-3\",\"width_medium\":\"2-3\"},\"children\":[{\"type\":\"image\",\"props\":{\"animation\":\"none\",\"container_padding_remove\":true,\"image\":\"wp-content\\\/uploads\\\/portfolio-04.jpg\",\"image_svg_color\":\"emphasis\",\"image_width\":\"1300\",\"margin\":\"\",\"parallax_easing\":\"0.3\",\"parallax_end\":\"20vh + 20%\",\"parallax_x\":\"-50,0\"}}]}]}],\"name\":\"Portfolio 04\"}],\"version\":\"4.0.11\"} --><\/p>\n","protected":false},"excerpt":{"rendered":"<p>Leistungen auf einen Blick PVC, Vinyl, Linoleum und Parkett Verkauf und Verlegung von Fu\u00dfb\u00f6den aus PVC, Vinyl, Linoleum, Parkett. Gerne gestalten wir Ihren Vinylboden im modernen Badezimmer. Klassisch, modern, zukunftsorientiert, umweltschonend: Wir beraten Sie kompetent und fachgerecht. Parkettgestaltung und -renovierung Wir renovieren ihr in die Jahre gekommenes Parkett oder \u00fcbernehmen die farbige Gestaltung des Parkettbodens. [&hellip;]<\/p>\n","protected":false},"author":1,"featured_media":0,"parent":0,"menu_order":0,"comment_status":"closed","ping_status":"closed","template":"","meta":{"footnotes":""},"class_list":["post-31","page","type-page","status-publish","hentry"],"_links":{"self":[{"href":"https:\/\/www.fuchs-und-fertig.de\/index.php?rest_route=\/wp\/v2\/pages\/31","targetHints":{"allow":["GET"]}}],"collection":[{"href":"https:\/\/www.fuchs-und-fertig.de\/index.php?rest_route=\/wp\/v2\/pages"}],"about":[{"href":"https:\/\/www.fuchs-und-fertig.de\/index.php?rest_route=\/wp\/v2\/types\/page"}],"author":[{"embeddable":true,"href":"https:\/\/www.fuchs-und-fertig.de\/index.php?rest_route=\/wp\/v2\/users\/1"}],"replies":[{"embeddable":true,"href":"https:\/\/www.fuchs-und-fertig.de\/index.php?rest_route=%2Fwp%2Fv2%2Fcomments&post=31"}],"version-history":[{"count":20,"href":"https:\/\/www.fuchs-und-fertig.de\/index.php?rest_route=\/wp\/v2\/pages\/31\/revisions"}],"predecessor-version":[{"id":291,"href":"https:\/\/www.fuchs-und-fertig.de\/index.php?rest_route=\/wp\/v2\/pages\/31\/revisions\/291"}],"wp:attachment":[{"href":"https:\/\/www.fuchs-und-fertig.de\/index.php?rest_route=%2Fwp%2Fv2%2Fmedia&parent=31"}],"curies":[{"name":"wp","href":"https:\/\/api.w.org\/{rel}","templated":true}]}}