{"id":4,"date":"2019-11-25T16:52:24","date_gmt":"2019-11-25T16:52:24","guid":{"rendered":"https:\/\/www.fuchs-und-fertig.de\/?page_id=4"},"modified":"2023-09-08T07:26:45","modified_gmt":"2023-09-08T07:26:45","slug":"start","status":"publish","type":"page","link":"https:\/\/www.fuchs-und-fertig.de\/","title":{"rendered":"Start"},"content":{"rendered":"<h2>Wir k\u00fcmmern uns um Ihren Fu\u00dfboden und mit unseren Partnerfirmen auf Wunsch auch um den Rest des Hauses.<\/h2>\n<h3>Unser Service<\/h3>\n<p>\n    <a href=\"\/index.php?page_id=107\">Kontakt<\/a>\n<\/p>\n<ul>\n<li>\n<p>        <img decoding=\"async\" src=\"\/wp-content\/uploads\/home-services-05.jpg\" alt=\"\"><\/p>\n<h4>Planung &#038; Beratung<\/h4>\n<\/li>\n<li>\n<p>        <img decoding=\"async\" src=\"\/wp-content\/uploads\/home-services-02.jpg\" alt=\"\"><\/p>\n<h4>Boden<\/h4>\n<p><a href=\"#2\"><\/a><\/p>\n<\/li>\n<\/ul>\n<ul>\n<li>\n<p>        <img decoding=\"async\" src=\"\/wp-content\/uploads\/home-services-04.jpg\" alt=\"\"><\/p>\n<h4>Innenausbau<\/h4>\n<p><a href=\"#2\"><\/a><\/p>\n<\/li>\n<li>\n<p>        <img decoding=\"async\" src=\"\/wp-content\/uploads\/home-services-02.jpg\" alt=\"\"><\/p>\n<h4>Wand<\/h4>\n<p><a href=\"#2\"><\/a><\/p>\n<\/li>\n<li>\n<p>        <img decoding=\"async\" src=\"\/wp-content\/uploads\/home-services-02.jpg\" alt=\"\"><\/p>\n<h4>Instandhaltung<\/h4>\n<p>von T\u00fcren u. Fenstern<\/p>\n<p><a href=\"#2\"><\/a><\/p>\n<\/li>\n<\/ul>\n<h2>Der beste Boden f\u00fcr Ihre Anspr\u00fcche<\/h2>\n<div>\n<p>Wir helfen bei der Auswahl Ihres Fu\u00dfbodens. Bei der Materialauswahl zwischen PVC, Vinyl, Linoleum, Parkett oder Spachtelboden beraten wir Sie fachgerecht und kompetent.<\/p>\n<\/div>\n<p><img decoding=\"async\" src=\"\/wp-content\/uploads\/home-materials.png\" alt=\"\"><\/p>\n<h2>Seit mehr als 20 Jahren bieten wir Erfahrung im Bereich Fu\u00dfbodenverlegung, Untergrundsarnierung und individueller Leistenmontage.<\/h2>\n<p><!--more--><br \/>\n<!-- {\"name\":\"Home\",\"type\":\"layout\",\"children\":[{\"name\":\"Hero\",\"type\":\"section\",\"props\":{\"height\":\"full\",\"image\":\"wp-content\\\/uploads\\\/2020\\\/09\\\/fuchs-header.jpg\",\"image_position\":\"center-center\",\"image_size\":\"cover\",\"padding\":\"none\",\"padding_remove_top\":false,\"style\":\"default\",\"title_breakpoint\":\"xl\",\"title_position\":\"top-left\",\"title_rotation\":\"left\",\"vertical_align\":\"\",\"width\":\"\"},\"children\":[{\"type\":\"row\",\"props\":{\"margin_remove_top\":false},\"children\":[{\"type\":\"column\",\"props\":{\"image_position\":\"center-center\",\"position_sticky_breakpoint\":\"m\",\"width_medium\":\"1-1\"}}]}]},{\"name\":\"About\",\"type\":\"section\",\"props\":{\"animation_delay\":false,\"image_position\":\"center-center\",\"padding\":\"large\",\"padding_remove_top\":false,\"style\":\"default\",\"title_breakpoint\":\"xl\",\"title_position\":\"top-left\",\"title_rotation\":\"left\",\"vertical_align\":\"middle\",\"width\":\"xlarge\"},\"children\":[{\"type\":\"row\",\"props\":{\"margin\":\"large\"},\"children\":[{\"type\":\"column\",\"props\":{\"image_position\":\"center-center\",\"position_sticky_breakpoint\":\"m\",\"width_medium\":\"1-1\"},\"children\":[{\"type\":\"divider\",\"props\":{\"animation\":\"slide-bottom-medium\",\"divider_align\":\"center\",\"divider_element\":\"div\",\"divider_style\":\"small\"}},{\"type\":\"headline\",\"props\":{\"animation\":\"parallax\",\"content\":\"Wir k\\u00fcmmern uns um Ihren Fu\\u00dfboden und mit unseren Partnerfirmen auf Wunsch auch um den Rest des Hauses.\",\"parallax_breakpoint\":\"m\",\"parallax_easing\":\"1\",\"parallax_end\":\"90vh + 90%\",\"parallax_opacity\":\"0.3,1\",\"parallax_y\":\"15,0\",\"text_align\":\"center\",\"title_element\":\"h2\"}}]}]}]},{\"name\":\"Services\",\"type\":\"section\",\"props\":{\"animation_delay\":false,\"image_position\":\"center-center\",\"padding_remove_bottom\":true,\"padding_remove_top\":false,\"style\":\"default\",\"title_breakpoint\":\"xl\",\"title_position\":\"top-left\",\"title_rotation\":\"left\",\"vertical_align\":\"middle\",\"width\":\"\"},\"children\":[{\"type\":\"row\",\"props\":{\"column_gap\":\"small\",\"layout\":\"1-3,2-3\",\"margin_remove_bottom\":false,\"margin_remove_top\":false,\"match\":false,\"row_gap\":\"small\"},\"children\":[{\"type\":\"column\",\"props\":{\"image_position\":\"center-center\",\"position_sticky_breakpoint\":\"m\",\"vertical_align\":\"middle\",\"width_medium\":\"1-3\"},\"children\":[{\"type\":\"headline\",\"props\":{\"animation\":\"parallax\",\"block_align\":\"center\",\"content\":\"Unser Service\",\"maxwidth\":\"large\",\"maxwidth_breakpoint\":\"m\",\"parallax_breakpoint\":\"m\",\"parallax_easing\":\"1\",\"parallax_end\":\"70vh + 70%\",\"parallax_opacity\":\"0.3,1\",\"parallax_y\":\"15,0\",\"text_align\":\"left\",\"text_align_breakpoint\":\"xl\",\"text_align_fallback\":\"center\",\"title_element\":\"h3\",\"title_style\":\"heading-medium\"}},{\"type\":\"button\",\"props\":{\"animation\":\"none\",\"block_align\":\"center\",\"css\":\"@media (max-width: 1460px)  {\\n\\t.el-element { margin-bottom: 70px; }\\n}\",\"grid_column_gap\":\"small\",\"grid_row_gap\":\"small\",\"margin\":\"default\",\"margin_remove_bottom\":false,\"maxwidth\":\"large\",\"parallax_x\":\"100,150\",\"text_align\":\"left\",\"text_align_breakpoint\":\"xl\",\"text_align_fallback\":\"center\"},\"children\":[{\"type\":\"button_item\",\"props\":{\"button_style\":\"text\",\"content\":\"Kontakt\",\"icon_align\":\"left\",\"link\":\"index.php?page_id=107\"}}]}]},{\"type\":\"column\",\"props\":{\"image_position\":\"center-center\",\"position_sticky_breakpoint\":\"m\",\"width_medium\":\"2-3\"},\"children\":[{\"type\":\"gallery\",\"props\":{\"animation\":\"none\",\"filter_align\":\"left\",\"filter_all\":true,\"filter_grid_breakpoint\":\"m\",\"filter_grid_width\":\"auto\",\"filter_position\":\"top\",\"filter_style\":\"tab\",\"grid_column_gap\":\"small\",\"grid_default\":\"1\",\"grid_medium\":\"\",\"grid_row_gap\":\"small\",\"grid_small\":\"2\",\"image_transition\":\"scale-up\",\"image_width\":\"850\",\"item_animation\":true,\"link_style\":\"default\",\"link_text\":\"\",\"margin\":\"\",\"meta_align\":\"below-title\",\"meta_element\":\"div\",\"meta_style\":\"\",\"overlay_hover\":false,\"overlay_link\":true,\"overlay_margin\":\"large\",\"overlay_maxwidth\":\"large\",\"overlay_mode\":\"caption\",\"overlay_padding\":\"large\",\"overlay_position\":\"center\",\"overlay_style\":\"overlay-default\",\"overlay_transition\":\"fade\",\"parallax_easing\":\"1\",\"show_content\":true,\"show_hover_image\":true,\"show_link\":true,\"show_meta\":true,\"show_title\":true,\"text_align\":\"center\",\"text_color\":\"\",\"title_element\":\"h4\",\"title_hover_style\":\"reset\",\"title_style\":\"h2\"},\"children\":[{\"type\":\"gallery_item\",\"props\":{\"content\":\"\",\"image\":\"wp-content\\\/uploads\\\/home-services-05.jpg\",\"title\":\"Planung & Beratung\"}},{\"type\":\"gallery_item\",\"props\":{\"content\":\"\",\"image\":\"wp-content\\\/uploads\\\/home-services-02.jpg\",\"link\":\"#2\",\"title\":\"Boden\"}}]}]}]},{\"type\":\"row\",\"props\":{\"column_gap\":\"small\",\"row_gap\":\"small\"},\"children\":[{\"type\":\"column\",\"props\":{\"image_position\":\"center-center\",\"position_sticky_breakpoint\":\"m\"},\"children\":[{\"type\":\"gallery\",\"props\":{\"animation\":\"none\",\"filter_align\":\"left\",\"filter_all\":true,\"filter_grid_breakpoint\":\"m\",\"filter_grid_width\":\"auto\",\"filter_position\":\"top\",\"filter_style\":\"tab\",\"grid_column_gap\":\"small\",\"grid_default\":\"1\",\"grid_large\":\"3\",\"grid_medium\":\"\",\"grid_row_gap\":\"small\",\"grid_small\":\"2\",\"grid_xlarge\":\"3\",\"image_transition\":\"scale-up\",\"image_width\":\"850\",\"item_animation\":true,\"link_style\":\"default\",\"link_text\":\"\",\"margin\":\"\",\"meta_align\":\"below-title\",\"meta_element\":\"div\",\"meta_style\":\"\",\"overlay_hover\":false,\"overlay_link\":true,\"overlay_margin\":\"large\",\"overlay_maxwidth\":\"large\",\"overlay_mode\":\"caption\",\"overlay_padding\":\"large\",\"overlay_position\":\"center\",\"overlay_style\":\"overlay-default\",\"overlay_transition\":\"fade\",\"parallax_easing\":\"1\",\"show_content\":true,\"show_hover_image\":true,\"show_link\":true,\"show_meta\":true,\"show_title\":true,\"text_align\":\"center\",\"text_color\":\"\",\"title_element\":\"h4\",\"title_hover_style\":\"reset\",\"title_style\":\"h2\"},\"children\":[{\"type\":\"gallery_item\",\"props\":{\"content\":\"\",\"image\":\"wp-content\\\/uploads\\\/home-services-04.jpg\",\"link\":\"#2\",\"title\":\"Innenausbau\"}},{\"type\":\"gallery_item\",\"props\":{\"content\":\"\",\"image\":\"wp-content\\\/uploads\\\/home-services-02.jpg\",\"link\":\"#2\",\"meta\":\"\",\"title\":\"Wand\"}},{\"type\":\"gallery_item\",\"props\":{\"content\":\"\",\"image\":\"wp-content\\\/uploads\\\/home-services-02.jpg\",\"link\":\"#2\",\"meta\":\"von T\\u00fcren u. Fenstern\",\"title\":\"Instandhaltung\"}}]}]}]}]},{\"name\":\"Materials\",\"type\":\"section\",\"props\":{\"height\":\"percent\",\"image_position\":\"center-center\",\"overlap\":false,\"padding\":\"xlarge\",\"style\":\"default\",\"title_breakpoint\":\"xl\",\"title_position\":\"top-left\",\"title_rotation\":\"left\",\"vertical_align\":\"middle\",\"width\":\"xlarge\",\"width_expand\":\"right\"},\"children\":[{\"type\":\"row\",\"props\":{\"column_gap\":\"large\",\"divider\":false,\"layout\":\"1-3,2-3\",\"margin\":\"remove-vertical\",\"row_gap\":\"large\"},\"children\":[{\"type\":\"column\",\"props\":{\"image_position\":\"center-center\",\"padding\":\"large\",\"position_sticky_breakpoint\":\"m\",\"width_large\":\"1-3\",\"width_medium\":\"1-3\"},\"children\":[{\"type\":\"divider\",\"props\":{\"animation\":\"none\",\"divider_align\":\"left\",\"divider_align_breakpoint\":\"m\",\"divider_align_fallback\":\"center\",\"divider_element\":\"div\",\"divider_style\":\"small\",\"margin_remove_bottom\":false}},{\"type\":\"headline\",\"props\":{\"animation\":\"parallax\",\"block_align\":\"center\",\"content\":\"Der beste Boden f\\u00fcr Ihre Anspr\\u00fcche\",\"margin\":\"small\",\"margin_remove_top\":false,\"maxwidth\":\"2xlarge\",\"maxwidth_breakpoint\":\"l\",\"parallax_breakpoint\":\"m\",\"parallax_easing\":\"1\",\"parallax_end\":\"70vh + 70%\",\"parallax_opacity\":\"0.3,1\",\"parallax_y\":\"15,0\",\"text_align\":\"left\",\"text_align_breakpoint\":\"m\",\"text_align_fallback\":\"center\",\"title_element\":\"h2\",\"title_style\":\"heading-small\"}},{\"type\":\"text\",\"props\":{\"animation\":\"none\",\"column_breakpoint\":\"m\",\"content\":\"\n\n<p>Wir helfen bei der Auswahl Ihres Fu\\u00dfbodens. Bei der Materialauswahl zwischen PVC, Vinyl, Linoleum, Parkett oder Spachtelboden beraten wir Sie fachgerecht und kompetent.<\\\/p>\",\"margin\":\"medium\",\"maxwidth\":\"xlarge\",\"maxwidth_breakpoint\":\"m\",\"text_align\":\"left\",\"text_align_breakpoint\":\"m\",\"text_align_fallback\":\"center\",\"text_color\":\"emphasis\"}},{\"type\":\"button\",\"props\":{\"animation\":\"none\",\"block_align\":\"center\",\"grid_column_gap\":\"small\",\"grid_row_gap\":\"small\",\"margin\":\"large\",\"status\":\"disabled\",\"text_align\":\"left\",\"text_align_breakpoint\":\"m\",\"text_align_fallback\":\"center\"},\"children\":[{\"type\":\"button_item\",\"props\":{\"button_style\":\"text\",\"content\":\"unsere Marken\",\"icon_align\":\"left\",\"link\":\"index.php?page_id=193\"}}]}]},{\"type\":\"column\",\"props\":{\"image_position\":\"center-center\",\"position_sticky_breakpoint\":\"m\",\"vertical_align\":\"middle\",\"width_large\":\"2-3\",\"width_medium\":\"2-3\"},\"children\":[{\"type\":\"image\",\"props\":{\"animation\":\"parallax\",\"container_padding_remove\":true,\"image\":\"wp-content\\\/uploads\\\/home-materials.png\",\"image_svg_color\":\"emphasis\",\"image_width\":\"1200\",\"margin\":\"\",\"parallax_breakpoint\":\"m\",\"parallax_easing\":\"1\",\"parallax_y\":\"50,-50\",\"text_align\":\"right\"}}]}]}]},{\"name\":\"Team\",\"type\":\"section\",\"props\":{\"image\":\"wp-content\\\/uploads\\\/home-about-bg.jpg\",\"image_effect\":\"parallax\",\"image_height\":\"750\",\"image_parallax_bgy\":\"50,-90\",\"image_parallax_breakpoint\":\"m\",\"image_parallax_easing\":\"1\",\"image_position\":\"top-center\",\"image_width\":\"2560\",\"padding\":\"large\",\"style\":\"default\",\"title_breakpoint\":\"\",\"title_position\":\"center-right\",\"title_rotation\":\"left\",\"vertical_align\":\"middle\",\"width\":\"xlarge\"},\"children\":[{\"type\":\"row\",\"props\":{\"margin\":\"xlarge\",\"margin_remove_bottom\":true},\"children\":[{\"type\":\"column\",\"props\":{\"image_position\":\"center-center\",\"position_sticky_breakpoint\":\"m\",\"style\":\"tile-default\",\"vertical_align\":\"middle\",\"width_medium\":\"1-1\"},\"children\":[{\"type\":\"divider\",\"props\":{\"divider_align\":\"left\",\"divider_align_breakpoint\":\"m\",\"divider_align_fallback\":\"center\",\"divider_element\":\"div\",\"divider_style\":\"small\"}},{\"type\":\"headline\",\"props\":{\"animation\":\"parallax\",\"block_align\":\"center\",\"content\":\"Seit mehr als 20 Jahren bieten wir Erfahrung im Bereich Fu\\u00dfbodenverlegung, Untergrundsarnierung und individueller Leistenmontage.\",\"margin\":\"medium\",\"margin_remove_top\":true,\"maxwidth_breakpoint\":\"m\",\"parallax_breakpoint\":\"m\",\"parallax_easing\":\"1\",\"parallax_end\":\"70vh + 70%\",\"parallax_opacity\":\"0.3,1\",\"parallax_y\":\"20,0\",\"text_align\":\"left\",\"text_align_breakpoint\":\"m\",\"text_align_fallback\":\"center\",\"title_element\":\"h2\"}},{\"type\":\"button\",\"props\":{\"grid_column_gap\":\"small\",\"grid_row_gap\":\"small\",\"margin\":\"large\",\"status\":\"disabled\",\"text_align\":\"left\",\"text_align_breakpoint\":\"m\",\"text_align_fallback\":\"center\"},\"children\":[{\"type\":\"button_item\",\"props\":{\"button_style\":\"text\",\"content\":\"Mehr \\u00fcber uns\",\"icon_align\":\"left\",\"link\":\"#2\"}}]}]}]}]},{\"name\":\"Portfolio\",\"type\":\"section\",\"props\":{\"image_position\":\"center-center\",\"padding\":\"large\",\"padding_remove_bottom\":true,\"padding_remove_top\":false,\"status\":\"disabled\",\"style\":\"default\",\"title_breakpoint\":\"xl\",\"title_position\":\"top-left\",\"title_rotation\":\"left\",\"vertical_align\":\"middle\",\"width\":\"xlarge\",\"width_expand\":\"right\"},\"children\":[{\"type\":\"row\",\"props\":{\"column_gap\":\"large\",\"layout\":\"1-3,2-3\",\"row_gap\":\"large\"},\"children\":[{\"type\":\"column\",\"props\":{\"image_position\":\"center-center\",\"position_sticky_breakpoint\":\"m\",\"vertical_align\":\"middle\",\"width_large\":\"1-3\",\"width_medium\":\"1-3\"},\"children\":[{\"type\":\"divider\",\"props\":{\"animation\":\"none\",\"divider_align\":\"left\",\"divider_element\":\"div\",\"divider_style\":\"small\",\"margin_remove_bottom\":false}},{\"type\":\"headline\",\"props\":{\"animation\":\"parallax\",\"content\":\"Verschaffen Sie sich einen \\u00dcberblick \\u00fcber unsere Arbeiten\",\"margin_remove_top\":true,\"maxwidth\":\"xlarge\",\"parallax_breakpoint\":\"m\",\"parallax_easing\":\"1\",\"parallax_end\":\"70vh + 70%\",\"parallax_opacity\":\"0.3,1\",\"parallax_y\":\"20,0\",\"text_align\":\"left\",\"title_element\":\"h2\",\"title_style\":\"heading-small\"}},{\"type\":\"text\",\"props\":{\"animation\":\"none\",\"column_breakpoint\":\"m\",\"content\":\"\n\n<p>Einen Eindruck \\u00fcber unsere Gewerke k\\u00f6nnen Sie auf den Bildern gewinnen.<\\\/p>\",\"margin\":\"default\",\"maxwidth\":\"xlarge\",\"text_align\":\"left\"}}]},{\"type\":\"column\",\"props\":{\"image_position\":\"center-center\",\"position_sticky_breakpoint\":\"m\",\"vertical_align\":\"middle\",\"width_large\":\"2-3\",\"width_medium\":\"2-3\"},\"children\":[{\"type\":\"overlay-slider\",\"props\":{\"animation\":\"parallax\",\"container_padding_remove\":true,\"image_width\":\"470\",\"link_style\":\"default\",\"link_text\":\"\",\"margin\":\"\",\"meta_align\":\"below-title\",\"meta_element\":\"div\",\"meta_margin\":\"small\",\"meta_style\":\"h6\",\"nav\":\"\",\"nav_align\":\"center\",\"nav_breakpoint\":\"s\",\"overlay_hover\":true,\"overlay_link\":true,\"overlay_mode\":\"caption\",\"overlay_position\":\"bottom\",\"overlay_style\":\"overlay-default\",\"overlay_transition\":\"fade\",\"parallax_breakpoint\":\"l\",\"parallax_easing\":\"1\",\"parallax_end\":\"60vh + 60%\",\"parallax_opacity\":\"0.8,1\",\"parallax_y\":\"50,-50\",\"show_content\":true,\"show_hover_image\":true,\"show_link\":true,\"show_meta\":true,\"show_title\":true,\"slidenav\":\"top-right\",\"slidenav_breakpoint\":\"m\",\"slidenav_hover\":true,\"slidenav_large\":true,\"slidenav_margin\":\"\",\"slidenav_outside_breakpoint\":\"xl\",\"slider_autoplay\":true,\"slider_autoplay_pause\":true,\"slider_center\":false,\"slider_divider\":false,\"slider_gap\":\"small\",\"slider_sets\":false,\"slider_width\":\"fixed\",\"slider_width_default\":\"5-6\",\"slider_width_medium\":\"1-3\",\"slider_width_small\":\"1-2\",\"text_align\":\"center\",\"title_element\":\"h3\",\"title_hover_style\":\"reset\"},\"children\":[{\"type\":\"overlay-slider_item\",\"props\":{\"content\":\"\n\n<p>als K\\u00fcchenboden<\\\/p>\",\"image\":\"wp-content\\\/uploads\\\/2020\\\/10\\\/kueche-hoch.jpg\",\"link\":\"#2\",\"meta\":\"\",\"title\":\"Mehrschichtparkett\"}},{\"type\":\"overlay-slider_item\",\"props\":{\"content\":\"\n\n<p><a class=\\\"uk-button uk-button-text\\\">More Details<\\\/a><\\\/p>\",\"image\":\"wp-content\\\/uploads\\\/home-portfolio-03.jpg\",\"link\":\"#2\",\"meta\":\"\",\"title\":\"Dienstleistungen im Innenausbau\"}},{\"type\":\"overlay-slider_item\",\"props\":{\"content\":\"\n\n<p><a class=\\\"uk-button uk-button-text\\\">More Details<\\\/a><\\\/p>\",\"image\":\"wp-content\\\/uploads\\\/home-portfolio-04.jpg\",\"link\":\"#2\",\"meta\":\"\",\"title\":\"Parkettrenovierung\"}},{\"type\":\"overlay-slider_item\",\"props\":{\"content\":\"\n\n<p><a class=\\\"uk-button uk-button-text\\\">More Details<\\\/a><\\\/p>\",\"image\":\"wp-content\\\/uploads\\\/home-portfolio-05.jpg\",\"link\":\"#2\",\"meta\":\"\",\"title\":\"Untergrundsarnierung\"}}]}]}]}]}],\"version\":\"4.0.11\"} --><\/p>\n","protected":false},"excerpt":{"rendered":"<p>Wir k\u00fcmmern uns um Ihren Fu\u00dfboden und mit unseren Partnerfirmen auf Wunsch auch um den Rest des Hauses. Unser Service Kontakt Planung &#038; Beratung Boden Innenausbau Wand Instandhaltung von T\u00fcren u. Fenstern Der beste Boden f\u00fcr Ihre Anspr\u00fcche Wir helfen bei der Auswahl Ihres Fu\u00dfbodens. Bei der Materialauswahl zwischen PVC, Vinyl, Linoleum, Parkett oder Spachtelboden [&hellip;]<\/p>\n","protected":false},"author":1,"featured_media":0,"parent":0,"menu_order":0,"comment_status":"closed","ping_status":"closed","template":"","meta":{"footnotes":""},"class_list":["post-4","page","type-page","status-publish","hentry"],"_links":{"self":[{"href":"https:\/\/www.fuchs-und-fertig.de\/index.php?rest_route=\/wp\/v2\/pages\/4","targetHints":{"allow":["GET"]}}],"collection":[{"href":"https:\/\/www.fuchs-und-fertig.de\/index.php?rest_route=\/wp\/v2\/pages"}],"about":[{"href":"https:\/\/www.fuchs-und-fertig.de\/index.php?rest_route=\/wp\/v2\/types\/page"}],"author":[{"embeddable":true,"href":"https:\/\/www.fuchs-und-fertig.de\/index.php?rest_route=\/wp\/v2\/users\/1"}],"replies":[{"embeddable":true,"href":"https:\/\/www.fuchs-und-fertig.de\/index.php?rest_route=%2Fwp%2Fv2%2Fcomments&post=4"}],"version-history":[{"count":77,"href":"https:\/\/www.fuchs-und-fertig.de\/index.php?rest_route=\/wp\/v2\/pages\/4\/revisions"}],"predecessor-version":[{"id":288,"href":"https:\/\/www.fuchs-und-fertig.de\/index.php?rest_route=\/wp\/v2\/pages\/4\/revisions\/288"}],"wp:attachment":[{"href":"https:\/\/www.fuchs-und-fertig.de\/index.php?rest_route=%2Fwp%2Fv2%2Fmedia&parent=4"}],"curies":[{"name":"wp","href":"https:\/\/api.w.org\/{rel}","templated":true}]}}